{"id":110,"date":"2018-07-04T13:25:35","date_gmt":"2018-07-04T13:25:35","guid":{"rendered":"http:\/\/vmksz.hu\/wpnew\/?page_id=110"},"modified":"2023-09-26T08:01:16","modified_gmt":"2023-09-26T08:01:16","slug":"kapcsolat","status":"publish","type":"page","link":"http:\/\/vmksz.hu\/wpnew\/kapcsolat\/","title":{"rendered":"Kapcsolat"},"content":{"rendered":"<p><strong>Veszpr\u00e9m Megyei K\u00e9zilabda Sz\u00f6vets\u00e9g<\/strong><br \/>\n8200 Veszpr\u00e9m, Wartha Vince utca 3.<br \/>\nE-mail: <a href=\"mailto:vmksz@vmksz.hu\">vmksz@vmksz.hu<\/a><\/p>\n<p>\u00d6csi Tam\u00e1s (irodavezet\u0151, j\u00e1t\u00e9kvezet\u0151 k\u00fcld\u0151): +36 20 389 4193<br \/>\nPapp Rich\u00e1rd (adminisztr\u00e1tor): +36 30 852 1343<br \/>\nM\u00e1ndli Bal\u00e1zs (gyermekbajnoks\u00e1g koordin\u00e1tor): +36 20 389 4425<\/p>\n<div role=\"form\" class=\"wpcf7\" id=\"wpcf7-f5-o1\" lang=\"hu-HU\" dir=\"ltr\">\n<div class=\"screen-reader-response\"><\/div>\n<form action=\"\/wpnew\/wp-json\/wp\/v2\/pages\/110#wpcf7-f5-o1\" method=\"post\" class=\"wpcf7-form\" novalidate=\"novalidate\">\n<div style=\"display: none;\">\n<input type=\"hidden\" name=\"_wpcf7\" value=\"5\" \/>\n<input type=\"hidden\" name=\"_wpcf7_version\" value=\"5.1.6\" \/>\n<input type=\"hidden\" name=\"_wpcf7_locale\" value=\"hu_HU\" \/>\n<input type=\"hidden\" name=\"_wpcf7_unit_tag\" value=\"wpcf7-f5-o1\" \/>\n<input type=\"hidden\" name=\"_wpcf7_container_post\" value=\"0\" \/>\n<input type=\"hidden\" name=\"g-recaptcha-response\" value=\"\" \/>\n<\/div>\n<p><label> N\u00e9v (k\u00f6telez\u0151)<br \/>\n    <span class=\"wpcf7-form-control-wrap your-name\"><input type=\"text\" name=\"your-name\" value=\"\" size=\"40\" class=\"wpcf7-form-control wpcf7-text wpcf7-validates-as-required\" aria-required=\"true\" aria-invalid=\"false\" \/><\/span> <\/label><\/p>\n<p><label> Email c\u00edm (k\u00f6telez\u0151)<br \/>\n    <span class=\"wpcf7-form-control-wrap your-email\"><input type=\"email\" name=\"your-email\" value=\"\" size=\"40\" class=\"wpcf7-form-control wpcf7-text wpcf7-email wpcf7-validates-as-required wpcf7-validates-as-email\" aria-required=\"true\" aria-invalid=\"false\" \/><\/span> <\/label><\/p>\n<p><label> T\u00e1rgy<br \/>\n    <span class=\"wpcf7-form-control-wrap your-subject\"><input type=\"text\" name=\"your-subject\" value=\"\" size=\"40\" class=\"wpcf7-form-control wpcf7-text\" aria-invalid=\"false\" \/><\/span> <\/label><\/p>\n<p><label> \u00dczenet (k\u00f6telez\u0151)<br \/>\n    <span class=\"wpcf7-form-control-wrap your-message\"><textarea name=\"your-message\" cols=\"40\" rows=\"10\" class=\"wpcf7-form-control wpcf7-textarea wpcf7-validates-as-required\" aria-required=\"true\" aria-invalid=\"false\"><\/textarea><\/span> <\/label><\/p>\n\n<p><input type=\"submit\" value=\"K\u00fcld\u00e9s\" class=\"wpcf7-form-control wpcf7-submit\" \/><\/p>\n<div class=\"wpcf7-response-output wpcf7-display-none\"><\/div><\/form><\/div>\n","protected":false},"excerpt":{"rendered":"<p>Veszpr\u00e9m Megyei K\u00e9zilabda Sz\u00f6vets\u00e9g 8200 Veszpr\u00e9m, Wartha Vince utca 3. E-mail: vmksz@vmksz.hu \u00d6csi Tam\u00e1s (irodavezet\u0151, j\u00e1t\u00e9kvezet\u0151 k\u00fcld\u0151): +36 20 389 4193 Papp Rich\u00e1rd (adminisztr\u00e1tor): +36 30 852 1343 M\u00e1ndli Bal\u00e1zs (gyermekbajnoks\u00e1g koordin\u00e1tor): +36 20 389 4425<\/p>\n","protected":false},"author":1,"featured_media":0,"parent":0,"menu_order":0,"comment_status":"closed","ping_status":"closed","template":"","meta":{"ngg_post_thumbnail":0,"_monsterinsights_skip_tracking":false,"_monsterinsights_sitenote_active":false,"_monsterinsights_sitenote_note":"","_monsterinsights_sitenote_category":0,"footnotes":""},"_links":{"self":[{"href":"http:\/\/vmksz.hu\/wpnew\/wp-json\/wp\/v2\/pages\/110"}],"collection":[{"href":"http:\/\/vmksz.hu\/wpnew\/wp-json\/wp\/v2\/pages"}],"about":[{"href":"http:\/\/vmksz.hu\/wpnew\/wp-json\/wp\/v2\/types\/page"}],"author":[{"embeddable":true,"href":"http:\/\/vmksz.hu\/wpnew\/wp-json\/wp\/v2\/users\/1"}],"replies":[{"embeddable":true,"href":"http:\/\/vmksz.hu\/wpnew\/wp-json\/wp\/v2\/comments?post=110"}],"version-history":[{"count":5,"href":"http:\/\/vmksz.hu\/wpnew\/wp-json\/wp\/v2\/pages\/110\/revisions"}],"predecessor-version":[{"id":1562,"href":"http:\/\/vmksz.hu\/wpnew\/wp-json\/wp\/v2\/pages\/110\/revisions\/1562"}],"wp:attachment":[{"href":"http:\/\/vmksz.hu\/wpnew\/wp-json\/wp\/v2\/media?parent=110"}],"curies":[{"name":"wp","href":"https:\/\/api.w.org\/{rel}","templated":true}]}}