{"id":57,"date":"2018-07-04T13:09:54","date_gmt":"2018-07-04T13:09:54","guid":{"rendered":"http:\/\/vmksz.hu\/wpnew\/?page_id=57"},"modified":"2019-11-29T17:30:11","modified_gmt":"2019-11-29T17:30:11","slug":"szemelyek","status":"publish","type":"page","link":"http:\/\/vmksz.hu\/wpnew\/szemelyek\/","title":{"rendered":"Szem\u00e9lyek"},"content":{"rendered":"\n<table id=\"tablepress-36\" class=\"tablepress tablepress-id-36\">\n<thead>\n<tr class=\"row-1 odd\">\n\t<th class=\"column-1\">N\u00e9v<\/th><th class=\"column-2\">Sz\u00fclet\u00e9si id\u0151<\/th><th class=\"column-3\">K\u00f6zrem\u0171k\u00f6d\u00e9s<\/th><th class=\"column-4\">Keret<\/th>\n<\/tr>\n<\/thead>\n<tbody class=\"row-hover\">\n<tr class=\"row-2 even\">\n\t<td class=\"column-1\">\u00c1cs Zsolt<\/td><td class=\"column-2\">1974.10.02.<\/td><td class=\"column-3\">j\u00e1t\u00e9kvezet\u0151<\/td><td class=\"column-4\">NBII<\/td>\n<\/tr>\n<tr class=\"row-3 odd\">\n\t<td class=\"column-1\"><\/td><td class=\"column-2\"><\/td><td class=\"column-3\">versenyb\u00edr\u00f3<\/td><td class=\"column-4\">NBI<\/td>\n<\/tr>\n<tr class=\"row-4 even\">\n\t<td class=\"column-1\">Antal \u00c1kos<\/td><td class=\"column-2\">1979.02.21.<\/td><td class=\"column-3\">j\u00e1t\u00e9kvezet\u0151<\/td><td class=\"column-4\">NBII<\/td>\n<\/tr>\n<tr class=\"row-5 odd\">\n\t<td class=\"column-1\">Antaln\u00e9 Renner Ir\u00e9n<\/td><td class=\"column-2\">1979.04.13.<\/td><td class=\"column-3\">j\u00e1t\u00e9kvezet\u0151<\/td><td class=\"column-4\">NBII<\/td>\n<\/tr>\n<tr class=\"row-6 even\">\n\t<td class=\"column-1\">B\u00e1bos Marcell<\/td><td class=\"column-2\">1998.02.05.<\/td><td class=\"column-3\">j\u00e1t\u00e9kvezet\u0151<\/td><td class=\"column-4\">MEGYEI<\/td>\n<\/tr>\n<tr class=\"row-7 odd\">\n\t<td class=\"column-1\">B\u00e1der R\u00f3bert<\/td><td class=\"column-2\">1973.09.23.<\/td><td class=\"column-3\">j\u00e1t\u00e9kvezet\u0151<\/td><td class=\"column-4\">MEGYEI<\/td>\n<\/tr>\n<tr class=\"row-8 even\">\n\t<td class=\"column-1\"><\/td><td class=\"column-2\"><\/td><td class=\"column-3\">versenyb\u00edr\u00f3<\/td><td class=\"column-4\">NBI<\/td>\n<\/tr>\n<tr class=\"row-9 odd\">\n\t<td class=\"column-1\">Blask\u00f3 J\u00f3zsef<\/td><td class=\"column-2\">1962.05.28.<\/td><td class=\"column-3\">j\u00e1t\u00e9kvezet\u0151<\/td><td class=\"column-4\">MEGYEI<\/td>\n<\/tr>\n<tr class=\"row-10 even\">\n\t<td class=\"column-1\"><\/td><td class=\"column-2\"><\/td><td class=\"column-3\">versenyb\u00edr\u00f3<\/td><td class=\"column-4\">NBII<\/td>\n<\/tr>\n<tr class=\"row-11 odd\">\n\t<td class=\"column-1\">Bodn\u00e1r Mikolt<\/td><td class=\"column-2\">2001.09.29.<\/td><td class=\"column-3\">j\u00e1t\u00e9kvezet\u0151<\/td><td class=\"column-4\">MEGYEI<\/td>\n<\/tr>\n<tr class=\"row-12 even\">\n\t<td class=\"column-1\">B\u00f3na Szabolcs<\/td><td class=\"column-2\">1975.06.15.<\/td><td class=\"column-3\">j\u00e1t\u00e9kvezet\u0151<\/td><td class=\"column-4\">A<\/td>\n<\/tr>\n<tr class=\"row-13 odd\">\n\t<td class=\"column-1\"><\/td><td class=\"column-2\"><\/td><td class=\"column-3\">versenyb\u00edr\u00f3<\/td><td class=\"column-4\">NBI<\/td>\n<\/tr>\n<tr class=\"row-14 even\">\n\t<td class=\"column-1\">Borb\u00e9ly Andr\u00e1s<\/td><td class=\"column-2\">2004.03.16.<\/td><td class=\"column-3\">j\u00e1t\u00e9kvezet\u0151<\/td><td class=\"column-4\">MEGYEI<\/td>\n<\/tr>\n<tr class=\"row-15 odd\">\n\t<td class=\"column-1\">Dobovai Zolt\u00e1n<\/td><td class=\"column-2\">1966.02.19.<\/td><td class=\"column-3\">j\u00e1t\u00e9kvezet\u0151<\/td><td class=\"column-4\">MEGYEI<\/td>\n<\/tr>\n<tr class=\"row-16 even\">\n\t<td class=\"column-1\"><\/td><td class=\"column-2\"><\/td><td class=\"column-3\">versenyb\u00edr\u00f3<\/td><td class=\"column-4\">NBI<\/td>\n<\/tr>\n<tr class=\"row-17 odd\">\n\t<td class=\"column-1\">Erd\u00e9lyi Nikolett<\/td><td class=\"column-2\">1989.07.10.<\/td><td class=\"column-3\">versenyb\u00edr\u00f3<\/td><td class=\"column-4\">NBII UP<\/td>\n<\/tr>\n<tr class=\"row-18 even\">\n\t<td class=\"column-1\">F\u00e1bi\u00e1n Bal\u00e1zs<\/td><td class=\"column-2\">1989.01.09.<\/td><td class=\"column-3\">j\u00e1t\u00e9kvezet\u0151<\/td><td class=\"column-4\">NBII<\/td>\n<\/tr>\n<tr class=\"row-19 odd\">\n\t<td class=\"column-1\">Felh\u0151 Ferenc<\/td><td class=\"column-2\">1981.12.28.<\/td><td class=\"column-3\">j\u00e1t\u00e9kvezet\u0151<\/td><td class=\"column-4\">A<\/td>\n<\/tr>\n<tr class=\"row-20 even\">\n\t<td class=\"column-1\"><\/td><td class=\"column-2\"><\/td><td class=\"column-3\">ellen\u0151r<\/td><td class=\"column-4\">NBII<\/td>\n<\/tr>\n<tr class=\"row-21 odd\">\n\t<td class=\"column-1\">F\u00f6ldesi Csaba<\/td><td class=\"column-2\">1985.04.01.<\/td><td class=\"column-3\">j\u00e1t\u00e9kvezet\u0151<\/td><td class=\"column-4\">A<\/td>\n<\/tr>\n<tr class=\"row-22 even\">\n\t<td class=\"column-1\"><\/td><td class=\"column-2\"><\/td><td class=\"column-3\">ellen\u0151r<\/td><td class=\"column-4\">C<\/td>\n<\/tr>\n<tr class=\"row-23 odd\">\n\t<td class=\"column-1\">F\u00fczi Attila<\/td><td class=\"column-2\">1993.11.11.<\/td><td class=\"column-3\">j\u00e1t\u00e9kvezet\u0151<\/td><td class=\"column-4\">ORSZ\u00c1GOS UT\u00c1NP\u00d3TL\u00c1S<\/td>\n<\/tr>\n<tr class=\"row-24 even\">\n\t<td class=\"column-1\">Galambos Emese Vanda<\/td><td class=\"column-2\">1991.10.27.<\/td><td class=\"column-3\">j\u00e1t\u00e9kvezet\u0151<\/td><td class=\"column-4\">MEGYEI<\/td>\n<\/tr>\n<tr class=\"row-25 odd\">\n\t<td class=\"column-1\"><\/td><td class=\"column-2\"><\/td><td class=\"column-3\">versenyb\u00edr\u00f3<\/td><td class=\"column-4\">NBII UP<\/td>\n<\/tr>\n<tr class=\"row-26 even\">\n\t<td class=\"column-1\">G\u00e1sp\u00e1r Soma<\/td><td class=\"column-2\">1996.06.12.<\/td><td class=\"column-3\">j\u00e1t\u00e9kvezet\u0151<\/td><td class=\"column-4\">B<\/td>\n<\/tr>\n<tr class=\"row-27 odd\">\n\t<td class=\"column-1\">Horv\u00e1th P\u00e9ter<\/td><td class=\"column-2\">1974.12.16.<\/td><td class=\"column-3\">j\u00e1t\u00e9kvezet\u0151<\/td><td class=\"column-4\">NEMZETK\u00d6ZI<\/td>\n<\/tr>\n<tr class=\"row-28 even\">\n\t<td class=\"column-1\"><\/td><td class=\"column-2\"><\/td><td class=\"column-3\">ellen\u0151r<\/td><td class=\"column-4\">B<\/td>\n<\/tr>\n<tr class=\"row-29 odd\">\n\t<td class=\"column-1\">Huszti G\u00e9za<\/td><td class=\"column-2\">1963.02.12.<\/td><td class=\"column-3\">versenyb\u00edr\u00f3<\/td><td class=\"column-4\">NBI\/B<\/td>\n<\/tr>\n<tr class=\"row-30 even\">\n\t<td class=\"column-1\">Ih\u00e1sz Bence<\/td><td class=\"column-2\">2000.11.16.<\/td><td class=\"column-3\">j\u00e1t\u00e9kvezet\u0151<\/td><td class=\"column-4\">NBII<\/td>\n<\/tr>\n<tr class=\"row-31 odd\">\n\t<td class=\"column-1\">J\u00f3zsa D\u00e1vid<\/td><td class=\"column-2\">1998.09.25.<\/td><td class=\"column-3\">j\u00e1t\u00e9kvezet\u0151<\/td><td class=\"column-4\">MEGYEI<\/td>\n<\/tr>\n<tr class=\"row-32 even\">\n\t<td class=\"column-1\">Kov\u00e1cs Tibor<\/td><td class=\"column-2\">1988.02.05.<\/td><td class=\"column-3\">j\u00e1t\u00e9kvezet\u0151<\/td><td class=\"column-4\">B<\/td>\n<\/tr>\n<tr class=\"row-33 odd\">\n\t<td class=\"column-1\">M\u00e1ndli Bal\u00e1zs<\/td><td class=\"column-2\">1987.10.11.<\/td><td class=\"column-3\">j\u00e1t\u00e9kvezet\u0151<\/td><td class=\"column-4\">B<\/td>\n<\/tr>\n<tr class=\"row-34 even\">\n\t<td class=\"column-1\">Marosi Zolt\u00e1n<\/td><td class=\"column-2\">2001.05.07.<\/td><td class=\"column-3\">j\u00e1t\u00e9kvezet\u0151<\/td><td class=\"column-4\">ORSZ\u00c1GOS UT\u00c1NP\u00d3TL\u00c1S<\/td>\n<\/tr>\n<tr class=\"row-35 odd\">\n\t<td class=\"column-1\">Marton Bal\u00e1zs<\/td><td class=\"column-2\">1975.05.25.<\/td><td class=\"column-3\">j\u00e1t\u00e9kvezet\u0151<\/td><td class=\"column-4\">NEMZETK\u00d6ZI<\/td>\n<\/tr>\n<tr class=\"row-36 even\">\n\t<td class=\"column-1\"><\/td><td class=\"column-2\"><\/td><td class=\"column-3\">ellen\u0151r<\/td><td class=\"column-4\">B<\/td>\n<\/tr>\n<tr class=\"row-37 odd\">\n\t<td class=\"column-1\">N\u00e9meth Csaba<\/td><td class=\"column-2\">1962.06.27.<\/td><td class=\"column-3\">versenyb\u00edr\u00f3<\/td><td class=\"column-4\">NBI\/B<\/td>\n<\/tr>\n<tr class=\"row-38 even\">\n\t<td class=\"column-1\">\u00d6csi Tam\u00e1s<\/td><td class=\"column-2\">1984.05.11.<\/td><td class=\"column-3\">j\u00e1t\u00e9kvezet\u0151<\/td><td class=\"column-4\">A<\/td>\n<\/tr>\n<tr class=\"row-39 odd\">\n\t<td class=\"column-1\"><\/td><td class=\"column-2\"><\/td><td class=\"column-3\">ellen\u0151r<\/td><td class=\"column-4\">B<\/td>\n<\/tr>\n<tr class=\"row-40 even\">\n\t<td class=\"column-1\">Pap Ervin M\u00e1rk<\/td><td class=\"column-2\">2003.07.09.<\/td><td class=\"column-3\">j\u00e1t\u00e9kvezet\u0151<\/td><td class=\"column-4\">ORSZ\u00c1GOS UT\u00c1NP\u00d3TL\u00c1S<\/td>\n<\/tr>\n<tr class=\"row-41 odd\">\n\t<td class=\"column-1\">P\u00e1pai P\u00e9ter<\/td><td class=\"column-2\">2001.09.27.<\/td><td class=\"column-3\">j\u00e1t\u00e9kvezet\u0151<\/td><td class=\"column-4\">ORSZ\u00c1GOS UT\u00c1NP\u00d3TL\u00c1S<\/td>\n<\/tr>\n<tr class=\"row-42 even\">\n\t<td class=\"column-1\">Papp Rich\u00e1rd<\/td><td class=\"column-2\">1999.09.19.<\/td><td class=\"column-3\">j\u00e1t\u00e9kvezet\u0151<\/td><td class=\"column-4\">NBII<\/td>\n<\/tr>\n<tr class=\"row-43 odd\">\n\t<td class=\"column-1\">Perei T\u00edmea<\/td><td class=\"column-2\">1991.05.15.<\/td><td class=\"column-3\">j\u00e1t\u00e9kvezet\u0151<\/td><td class=\"column-4\">MEGYEI<\/td>\n<\/tr>\n<tr class=\"row-44 even\">\n\t<td class=\"column-1\">Pete Zsanna<\/td><td class=\"column-2\">2003.08.07.<\/td><td class=\"column-3\">j\u00e1t\u00e9kvezet\u0151<\/td><td class=\"column-4\">MEGYEI<\/td>\n<\/tr>\n<tr class=\"row-45 odd\">\n\t<td class=\"column-1\">Polg\u00e1r Viktor<\/td><td class=\"column-2\">1996.07.11.<\/td><td class=\"column-3\">j\u00e1t\u00e9kvezet\u0151<\/td><td class=\"column-4\">ORSZ\u00c1GOS UT\u00c1NP\u00d3TL\u00c1S<\/td>\n<\/tr>\n<tr class=\"row-46 even\">\n\t<td class=\"column-1\">R\u00f3zsa L\u00e1szl\u00f3<\/td><td class=\"column-2\">1949.08.10.<\/td><td class=\"column-3\">versenyb\u00edr\u00f3<\/td><td class=\"column-4\">NBI<\/td>\n<\/tr>\n<tr class=\"row-47 odd\">\n\t<td class=\"column-1\"><\/td><td class=\"column-2\"><\/td><td class=\"column-3\">ellen\u0151r<\/td><td class=\"column-4\">B<\/td>\n<\/tr>\n<tr class=\"row-48 even\">\n\t<td class=\"column-1\">So\u00f3s Bal\u00e1zs<\/td><td class=\"column-2\">1985.11.09.<\/td><td class=\"column-3\">versenyb\u00edr\u00f3<\/td><td class=\"column-4\">NEMZETK\u00d6ZI<\/td>\n<\/tr>\n<tr class=\"row-49 odd\">\n\t<td class=\"column-1\"><\/td><td class=\"column-2\"><\/td><td class=\"column-3\">ellen\u0151r<\/td><td class=\"column-4\">SUPERVISOR<\/td>\n<\/tr>\n<tr class=\"row-50 even\">\n\t<td class=\"column-1\">So\u00f3s K\u00e1lm\u00e1n Dr.<\/td><td class=\"column-2\">1949.01.02.<\/td><td class=\"column-3\">ellen\u0151r<\/td><td class=\"column-4\">SUPERVISOR<\/td>\n<\/tr>\n<tr class=\"row-51 odd\">\n\t<td class=\"column-1\">S\u00f6r\u00f6s Csaba<\/td><td class=\"column-2\">1983.11.14.<\/td><td class=\"column-3\">j\u00e1t\u00e9kvezet\u0151<\/td><td class=\"column-4\">NBII<\/td>\n<\/tr>\n<tr class=\"row-52 even\">\n\t<td class=\"column-1\">Szab\u00f3 Szil\u00e1rd<\/td><td class=\"column-2\">2001.03.17.<\/td><td class=\"column-3\">j\u00e1t\u00e9kvezet\u0151<\/td><td class=\"column-4\">MEGYEI<\/td>\n<\/tr>\n<tr class=\"row-53 odd\">\n\t<td class=\"column-1\">Szab\u00f3 Tas<\/td><td class=\"column-2\">2002.02.03.<\/td><td class=\"column-3\">j\u00e1t\u00e9kvezet\u0151<\/td><td class=\"column-4\">MEGYEI<\/td>\n<\/tr>\n<tr class=\"row-54 even\">\n\t<td class=\"column-1\">Tiba Andr\u00e1s<\/td><td class=\"column-2\">1948.07.25.<\/td><td class=\"column-3\">versenyb\u00edr\u00f3<\/td><td class=\"column-4\">NBI\/B<\/td>\n<\/tr>\n<tr class=\"row-55 odd\">\n\t<td class=\"column-1\">T\u00f3bi\u00e1s Rich\u00e1rd<\/td><td class=\"column-2\">1978.01.11.<\/td><td class=\"column-3\">j\u00e1t\u00e9kvezet\u0151<\/td><td class=\"column-4\">NBII<\/td>\n<\/tr>\n<tr class=\"row-56 even\">\n\t<td class=\"column-1\"><\/td><td class=\"column-2\"><\/td><td class=\"column-3\">versenyb\u00edr\u00f3<\/td><td class=\"column-4\">NBI\/ B<\/td>\n<\/tr>\n<tr class=\"row-57 odd\">\n\t<td class=\"column-1\">T\u00f3th K\u00e1roly<\/td><td class=\"column-2\">1954.08.18.<\/td><td class=\"column-3\">versenyb\u00edr\u00f3<\/td><td class=\"column-4\">NBI<\/td>\n<\/tr>\n<tr class=\"row-58 even\">\n\t<td class=\"column-1\">T\u00f3th Levente<\/td><td class=\"column-2\">2002.07.13.<\/td><td class=\"column-3\">j\u00e1t\u00e9kvezet\u0151<\/td><td class=\"column-4\">MEGYEI<\/td>\n<\/tr>\n<tr class=\"row-59 odd\">\n\t<td class=\"column-1\">Uhrin Roland<\/td><td class=\"column-2\">2002.01.05.<\/td><td class=\"column-3\">j\u00e1t\u00e9kvezet\u0151<\/td><td class=\"column-4\">NBII<\/td>\n<\/tr>\n<tr class=\"row-60 even\">\n\t<td class=\"column-1\">Vandr\u00f3czki G\u00e1bor<\/td><td class=\"column-2\">1978.05.24.<\/td><td class=\"column-3\">j\u00e1t\u00e9kvezet\u0151<\/td><td class=\"column-4\">NBII<\/td>\n<\/tr>\n<tr class=\"row-61 odd\">\n\t<td class=\"column-1\">Varga Istv\u00e1n<\/td><td class=\"column-2\">2002.06.14.<\/td><td class=\"column-3\">j\u00e1t\u00e9kvezet\u0151<\/td><td class=\"column-4\">NBII<\/td>\n<\/tr>\n<tr class=\"row-62 even\">\n\t<td class=\"column-1\">V\u00e9gh Andr\u00e1s<\/td><td class=\"column-2\">1979.11.23.<\/td><td class=\"column-3\">j\u00e1t\u00e9kvezet\u0151<\/td><td class=\"column-4\">NBII<\/td>\n<\/tr>\n<tr class=\"row-63 odd\">\n\t<td class=\"column-1\">V\u00f6r\u00f6s Bence<\/td><td class=\"column-2\">1997.06.10.<\/td><td class=\"column-3\">j\u00e1t\u00e9kvezet\u0151<\/td><td class=\"column-4\">B<\/td>\n<\/tr>\n<\/tbody>\n<\/table>\n<!-- #tablepress-36 from cache -->\n","protected":false},"excerpt":{"rendered":"","protected":false},"author":1,"featured_media":0,"parent":0,"menu_order":0,"comment_status":"closed","ping_status":"closed","template":"","meta":{"ngg_post_thumbnail":0,"_monsterinsights_skip_tracking":false,"_monsterinsights_sitenote_active":false,"_monsterinsights_sitenote_note":"","_monsterinsights_sitenote_category":0,"footnotes":""},"_links":{"self":[{"href":"http:\/\/vmksz.hu\/wpnew\/wp-json\/wp\/v2\/pages\/57"}],"collection":[{"href":"http:\/\/vmksz.hu\/wpnew\/wp-json\/wp\/v2\/pages"}],"about":[{"href":"http:\/\/vmksz.hu\/wpnew\/wp-json\/wp\/v2\/types\/page"}],"author":[{"embeddable":true,"href":"http:\/\/vmksz.hu\/wpnew\/wp-json\/wp\/v2\/users\/1"}],"replies":[{"embeddable":true,"href":"http:\/\/vmksz.hu\/wpnew\/wp-json\/wp\/v2\/comments?post=57"}],"version-history":[{"count":3,"href":"http:\/\/vmksz.hu\/wpnew\/wp-json\/wp\/v2\/pages\/57\/revisions"}],"predecessor-version":[{"id":739,"href":"http:\/\/vmksz.hu\/wpnew\/wp-json\/wp\/v2\/pages\/57\/revisions\/739"}],"wp:attachment":[{"href":"http:\/\/vmksz.hu\/wpnew\/wp-json\/wp\/v2\/media?parent=57"}],"curies":[{"name":"wp","href":"https:\/\/api.w.org\/{rel}","templated":true}]}}